{"id":30,"date":"2017-11-20T18:20:10","date_gmt":"2017-11-20T17:20:10","guid":{"rendered":"https:\/\/amitie-tuniso-allemande.de\/de\/?page_id=30"},"modified":"2018-02-20T18:02:09","modified_gmt":"2018-02-20T17:02:09","slug":"mitglied-werden","status":"publish","type":"page","link":"https:\/\/amitie-tuniso-allemande.de\/de\/mitglied-werden\/","title":{"rendered":"Mitglied werden"},"content":{"rendered":"<p>&nbsp;<img loading=\"lazy\" decoding=\"async\" class=\"aligncenter wp-image-170 size-large\" src=\"https:\/\/amitie-tuniso-allemande.de\/de\/wp-content\/uploads\/sites\/2\/2018\/02\/shaking-hands-3091906_1920-1024x519.jpg\" alt=\"\" width=\"660\" height=\"335\" srcset=\"https:\/\/amitie-tuniso-allemande.de\/de\/wp-content\/uploads\/sites\/2\/2018\/02\/shaking-hands-3091906_1920-1024x519.jpg 1024w, https:\/\/amitie-tuniso-allemande.de\/de\/wp-content\/uploads\/sites\/2\/2018\/02\/shaking-hands-3091906_1920-300x152.jpg 300w, https:\/\/amitie-tuniso-allemande.de\/de\/wp-content\/uploads\/sites\/2\/2018\/02\/shaking-hands-3091906_1920-768x390.jpg 768w, https:\/\/amitie-tuniso-allemande.de\/de\/wp-content\/uploads\/sites\/2\/2018\/02\/shaking-hands-3091906_1920-1000x507.jpg 1000w, https:\/\/amitie-tuniso-allemande.de\/de\/wp-content\/uploads\/sites\/2\/2018\/02\/shaking-hands-3091906_1920.jpg 1920w\" sizes=\"auto, (max-width: 660px) 100vw, 660px\" \/><\/p>\n<p>Mitglieder des TDF e.V. k\u00f6nnen alle Staatsangeh\u00f6rige beider L\u00e4nder werden. Alle, die sich entweder in Tunesien oder in Deutschland aufhalten und Affinit\u00e4ten zu einem der beiden L\u00e4nder haben, alle Personen, die mit Deutschland oder Tunesien Kontakt haben, Tunesier, die fr\u00fcher oder auch jetzt in Deutschland ans\u00e4ssig waren oder sind, Gesch\u00e4ftsleute beider L\u00e4nder sowie&nbsp; in Tunesien ans\u00e4ssigen Deutsche.<\/p>\n<p>Der j\u00e4hrliche TDF-Mitgliedsbeitrag betr\u00e4gt:<\/p>\n<p>30,- TND f\u00fcr Vorstandsmitglieder und Mitglieder der Vereinigung.<\/p>\n<p>100,- TND f\u00fcr juristische Personen.<\/p>\n<p>Der TDF e.V. dankt f\u00fcr jede weitere Spende.<\/p>\n","protected":false},"excerpt":{"rendered":"<p>&nbsp; Mitglieder des TDF e.V. k\u00f6nnen alle Staatsangeh\u00f6rige beider L\u00e4nder werden. Alle, die sich entweder in Tunesien oder in Deutschland aufhalten und Affinit\u00e4ten zu einem der beiden L\u00e4nder haben, alle&hellip; <a class=\"excerpt-more-link\" href=\"https:\/\/amitie-tuniso-allemande.de\/de\/mitglied-werden\/\">Weiterlesen<\/a><\/p>\n","protected":false},"author":1,"featured_media":0,"parent":0,"menu_order":0,"comment_status":"closed","ping_status":"closed","template":"","meta":{"ngg_post_thumbnail":0,"footnotes":""},"class_list":["post-30","page","type-page","status-publish","hentry"],"_links":{"self":[{"href":"https:\/\/amitie-tuniso-allemande.de\/de\/wp-json\/wp\/v2\/pages\/30","targetHints":{"allow":["GET"]}}],"collection":[{"href":"https:\/\/amitie-tuniso-allemande.de\/de\/wp-json\/wp\/v2\/pages"}],"about":[{"href":"https:\/\/amitie-tuniso-allemande.de\/de\/wp-json\/wp\/v2\/types\/page"}],"author":[{"embeddable":true,"href":"https:\/\/amitie-tuniso-allemande.de\/de\/wp-json\/wp\/v2\/users\/1"}],"replies":[{"embeddable":true,"href":"https:\/\/amitie-tuniso-allemande.de\/de\/wp-json\/wp\/v2\/comments?post=30"}],"version-history":[{"count":6,"href":"https:\/\/amitie-tuniso-allemande.de\/de\/wp-json\/wp\/v2\/pages\/30\/revisions"}],"predecessor-version":[{"id":171,"href":"https:\/\/amitie-tuniso-allemande.de\/de\/wp-json\/wp\/v2\/pages\/30\/revisions\/171"}],"wp:attachment":[{"href":"https:\/\/amitie-tuniso-allemande.de\/de\/wp-json\/wp\/v2\/media?parent=30"}],"curies":[{"name":"wp","href":"https:\/\/api.w.org\/{rel}","templated":true}]}}