{"id":329,"date":"2018-09-04T15:29:12","date_gmt":"2018-09-04T13:29:12","guid":{"rendered":"https:\/\/amitie-tuniso-allemande.de\/de\/?page_id=329"},"modified":"2018-09-04T15:29:12","modified_gmt":"2018-09-04T13:29:12","slug":"vision-auftrag-ansatz","status":"publish","type":"page","link":"https:\/\/amitie-tuniso-allemande.de\/de\/vision-auftrag-ansatz\/","title":{"rendered":"Vision &#8211; Auftrag &#8211; Ansatz"},"content":{"rendered":"<h2>Unsere Vision<\/h2>\n<p>Wir m\u00f6chten unseren Beitrag leisten, um ein entwickeltes, modernes und friedliches Tunesien mit demokratischen Strukturen und gut verteiltem Wohlstand aufzubauen. Unser Traum besteht darin Tunesien zu einer Drehscheibe f\u00fcr eine nachhaltige Zusammenarbeit zwischen der EU bzw Deutschland und den arabischen und afrikanischen L\u00e4ndern zu etablieren.<\/p>\n<h2>Unser Auftrag<\/h2>\n<p>Die mit dem deutschsprachigen Raum verbundene tunesische Diaspora mit akademischer Ausbildung zusammenzuf\u00fchren, ihre Kr\u00e4fte zu b\u00fcndeln, ihr nationales Bewusstsein zu st\u00e4rken, damit sie ihren nat\u00fcrlichen Beitrag f\u00fcr den Aufbau eines modernen, entwickelten und toleranten Tunesien liefert.<\/p>\n<h2>Unser <span style=\"font-family: arial, helvetica, sans-serif;\">Ansatz<\/span><\/h2>\n<p><span style=\"font-family: arial, helvetica, sans-serif;\">Die<\/span> Gr\u00fcndung und Aufbau einer anerkannten Interessengemeinschaft der Tunesier mit deutschen Partnern. Wir organisieren uns in einem Verein und agieren gemeinsam zur Realisierung unseres Auftrags. Wir streben nach fairen Partnerschaften mit allen wichtigen gesellschaftlichen Komponenten unserer Heimat im Bezug auf Deutschland, unter Respekt der jeweiligen Interessen und Unabh\u00e4ngigkeiten.<\/p>\n<h2>\nUnsere Aktivit\u00e4ten<\/h2>\n<p>Wir b\u00fcndeln alle verf\u00fcgbaren Ressourcen und Expertisen der Mitglieder, um konkrete Ma\u00dfnahmen in folgenden Gebieten zu entwickeln und umzusetzen:<\/p>\n<ol>\n<li>Partnerschaften zwischen Tunesischen und deutschen Organisationen<\/li>\n<li>Wirtschaftliche Entwicklung<\/li>\n<li>Medienarbeit<\/li>\n<\/ol>\n","protected":false},"excerpt":{"rendered":"<p>Unsere Vision Wir m\u00f6chten unseren Beitrag leisten, um ein entwickeltes, modernes und friedliches Tunesien mit demokratischen Strukturen und gut verteiltem Wohlstand aufzubauen. Unser Traum besteht darin Tunesien zu einer Drehscheibe&hellip; <a class=\"excerpt-more-link\" href=\"https:\/\/amitie-tuniso-allemande.de\/de\/vision-auftrag-ansatz\/\">Weiterlesen<\/a><\/p>\n","protected":false},"author":1,"featured_media":0,"parent":0,"menu_order":0,"comment_status":"closed","ping_status":"closed","template":"","meta":{"ngg_post_thumbnail":0,"footnotes":""},"class_list":["post-329","page","type-page","status-publish","hentry"],"_links":{"self":[{"href":"https:\/\/amitie-tuniso-allemande.de\/de\/wp-json\/wp\/v2\/pages\/329","targetHints":{"allow":["GET"]}}],"collection":[{"href":"https:\/\/amitie-tuniso-allemande.de\/de\/wp-json\/wp\/v2\/pages"}],"about":[{"href":"https:\/\/amitie-tuniso-allemande.de\/de\/wp-json\/wp\/v2\/types\/page"}],"author":[{"embeddable":true,"href":"https:\/\/amitie-tuniso-allemande.de\/de\/wp-json\/wp\/v2\/users\/1"}],"replies":[{"embeddable":true,"href":"https:\/\/amitie-tuniso-allemande.de\/de\/wp-json\/wp\/v2\/comments?post=329"}],"version-history":[{"count":1,"href":"https:\/\/amitie-tuniso-allemande.de\/de\/wp-json\/wp\/v2\/pages\/329\/revisions"}],"predecessor-version":[{"id":330,"href":"https:\/\/amitie-tuniso-allemande.de\/de\/wp-json\/wp\/v2\/pages\/329\/revisions\/330"}],"wp:attachment":[{"href":"https:\/\/amitie-tuniso-allemande.de\/de\/wp-json\/wp\/v2\/media?parent=329"}],"curies":[{"name":"wp","href":"https:\/\/api.w.org\/{rel}","templated":true}]}}