{"id":4,"date":"2017-11-18T18:34:42","date_gmt":"2017-11-18T17:34:42","guid":{"rendered":"https:\/\/amitie-tuniso-allemande.de\/de\/?page_id=4"},"modified":"2019-02-23T13:16:52","modified_gmt":"2019-02-23T12:16:52","slug":"wir-ueber-uns","status":"publish","type":"page","link":"https:\/\/amitie-tuniso-allemande.de\/de\/wir-ueber-uns\/","title":{"rendered":"Wir \u00fcber uns"},"content":{"rendered":"<p><img loading=\"lazy\" decoding=\"async\" class=\"aligncenter wp-image-46 size-full\" src=\"https:\/\/amitie-tuniso-allemande.de\/de\/wp-content\/uploads\/sites\/2\/2017\/11\/reichwalt.jpg\" alt=\"\" width=\"960\" height=\"542\" srcset=\"https:\/\/amitie-tuniso-allemande.de\/de\/wp-content\/uploads\/sites\/2\/2017\/11\/reichwalt.jpg 960w, https:\/\/amitie-tuniso-allemande.de\/de\/wp-content\/uploads\/sites\/2\/2017\/11\/reichwalt-300x169.jpg 300w, https:\/\/amitie-tuniso-allemande.de\/de\/wp-content\/uploads\/sites\/2\/2017\/11\/reichwalt-768x434.jpg 768w\" sizes=\"auto, (max-width: 960px) 100vw, 960px\" \/><\/p>\n<h1><span style=\"color: #d2000d;\">Vorstellung<\/span><\/h1>\n<p>Der Verein &#8222;Tunesisch-Deutsche Freundschaft e.V.&#8220; (TDF) wurde am 14.1.2012, nach der tunesischen Revolution, gegr\u00fcndet.<\/p>\n<p>TDF ist eine unpolitische Organisation, die sich der Verst\u00e4rkung der Freundschaft zwischen dem tunesischen und dem deutschen Volk zum Ziel setzt.<\/p>\n<p>Vor dem Hintergrund einer Welt im Wandel ist die TDF e.V. der Ansicht, dass die Solidarit\u00e4t, die Verst\u00e4ndigung und die gegenseitige Hilfe der V\u00f6lker aus verschiedenen Kulturen wichtige Tr\u00fcmpfe sind, um Freundschaft fest zu etablieren.<\/p>\n<h2 style=\"color: #e2000d;\">Unsere konkreten Ziele sind:<\/h2>\n<ul>\n<li>Herstellung und F\u00f6rderung von Kontakten zwischen verschiedenen Gruppen der tunesischen und der deutschen Gesellschaft;<\/li>\n<li>Intensivierung des kulturellen, sozialen und wirtschaftlichen Austausches zwischen den beiden L\u00e4ndern;<\/li>\n<li>Erstellung von Kontakten und Erm\u00f6glichung von gegenseitigen Besuchen zwischen den Entscheidungstr\u00e4gern in Wirtschaft und Hochschulwesen, zwischen den Frauenorganisationen sowie allgemein zwischen Personen der Zivilgesellschaft in beiden L\u00e4ndern;<\/li>\n<li>F\u00f6rderung der deutsch-tunesischen Zusammenarbeit im wirtschaftlichen Bereich sowie bei deutschen Investitionen in Tunesien;<\/li>\n<li>Veranstaltung von Ausstellungen, Konferenzen, Besuchen und Reisen zur Vertiefung der Beziehung zwischen Tunesien und Deutschland.<\/li>\n<\/ul>\n<h1><span style=\"color: #d2000d;\">Der neue Vorstand (2017-2019)<\/span><\/h1>\n<table style=\"width: 619px; height: 807px;\">\n<tbody>\n<tr style=\"height: 248px;\">\n<td style=\"width: 613px; height: 248px;\" colspan=\"3\"><img loading=\"lazy\" decoding=\"async\" class=\"aligncenter wp-image-188\" src=\"https:\/\/amitie-tuniso-allemande.de\/fr\/wp-content\/uploads\/sites\/3\/2017\/12\/BUREAU-DIRECTEUR-300x168.jpg\" alt=\"\" width=\"401\" height=\"225\"><\/td>\n<\/tr>\n<tr style=\"height: 28px;\">\n<td style=\"width: 157px; height: 28px;\">Pr\u00e4sident:<\/td>\n<td style=\"width: 213px; height: 28px;\">Mr. Hassen CHAARI<\/td>\n<td style=\"width: 239px; height: 28px;\"><span style=\"color: #0000ff;\"><u><a href=\"mailto:hassen.chaari@tunet.tn\"><span style=\"color: #00000a;\"><span style=\"font-family: Arial, serif;\"><span style=\"font-size: medium;\">hassen.chaari@tunet.tn<\/span><\/span><\/span><\/a><\/u><\/span><\/td>\n<\/tr>\n<tr style=\"height: 28px;\">\n<td style=\"width: 157px; height: 28px;\">Vice-Pr\u00e4sident:<\/td>\n<td style=\"width: 213px; height: 28px;\">Mr. Moncef BEN SAID<\/td>\n<td style=\"width: 239px; height: 28px;\"><span style=\"color: #0000ff;\"><u><a href=\"mailto:mbs366666@gmail.com\"><span style=\"color: #00000a;\"><span style=\"font-family: Arial, serif;\"><span style=\"font-size: medium;\">mbs366666@gmail.com<\/span><\/span><\/span><\/a><\/u><\/span><\/td>\n<\/tr>\n<tr style=\"height: 28px;\">\n<td style=\"width: 157px; height: 28px;\">Vice-Pr\u00e4sident:<\/td>\n<td style=\"width: 213px; height: 28px;\">Mr. Bahri DACHRAOUI<\/td>\n<td style=\"width: 239px; height: 28px;\"><span style=\"color: #0000ff;\"><u><a href=\"mailto:bahridachraoui7@gmail.com\"><span style=\"color: #00000a;\"><span style=\"font-family: Arial, serif;\"><span style=\"font-size: medium;\">bahridachraoui7@gmail.com<\/span><\/span><\/span><\/a><\/u><\/span><\/td>\n<\/tr>\n<tr style=\"height: 28px;\">\n<td style=\"width: 157px; height: 28px;\">Generalsekret\u00e4r:<\/td>\n<td style=\"width: 213px; height: 28px;\">Mr. Kamel BEN YAGHLANE<\/td>\n<td style=\"width: 239px; height: 28px;\"><span style=\"color: #0000ff;\"><u><a href=\"mailto:consulatghana.tunis@planet.tn\"><span style=\"color: #00000a;\"><span style=\"font-family: Arial, serif;\"><span style=\"font-size: medium;\">consulatghana.tunis@planet.tn<\/span><\/span><\/span><\/a><\/u><\/span><\/td>\n<\/tr>\n<tr style=\"height: 28px;\">\n<td style=\"width: 157px; height: 28px;\">Stellvertretender Generalsekret\u00e4r:<\/td>\n<td style=\"width: 213px; height: 28px;\">Mr. Ahmed GHADDAB<\/td>\n<td style=\"width: 239px; height: 28px;\"><span style=\"color: #0000ff;\"><u><a href=\"mailto:ghadhab.a@planet.tn\"><span style=\"color: #00000a;\"><span style=\"font-family: Arial, serif;\"><span style=\"font-size: medium;\">ghadhab.a@planet.tn<\/span><\/span><\/span><\/a><\/u><\/span><\/td>\n<\/tr>\n<tr style=\"height: 28px;\">\n<td style=\"width: 157px; height: 28px;\">Schatzmeisterin:<\/td>\n<td style=\"width: 213px; height: 28px;\">Mme Olfa BEN SALEM<\/td>\n<td style=\"width: 239px; height: 28px;\">&nbsp;<\/td>\n<\/tr>\n<tr style=\"height: 28px;\">\n<td style=\"width: 157px; height: 28px;\">Mitglieder:<\/td>\n<td style=\"width: 213px; height: 28px;\">Mr. Abdallah BOUSSENA<\/td>\n<td style=\"width: 239px; height: 28px;\"><span style=\"color: #0000ff;\"><u><a href=\"mailto:riadhboussena@yahoo.com\"><span style=\"color: #00000a;\"><span style=\"font-family: Arial, serif;\"><span style=\"font-size: medium;\"><span lang=\"en-US\">riadhboussena@yahoo.com<\/span><\/span><\/span><\/span><\/a><\/u><\/span><\/td>\n<\/tr>\n<tr style=\"height: 28px;\">\n<td style=\"width: 157px; height: 28px;\">&nbsp;<\/td>\n<td style=\"width: 213px; height: 28px;\">Mr. Lotfi MAHFOUDHI<\/td>\n<td style=\"width: 239px; height: 28px;\"><span style=\"color: #0000ff;\"><u><a href=\"mailto:lotfimahfoudhi2001@yahoo.fr\"><span style=\"color: #00000a;\"><span style=\"font-family: Arial, serif;\"><span style=\"font-size: medium;\"><span lang=\"en-US\">lotfimahfoudhi2001@yahoo.fr<\/span><\/span><\/span><\/span><\/a><\/u><\/span><\/td>\n<\/tr>\n<tr style=\"height: 58px;\">\n<td style=\"width: 157px; height: 58px;\">Partner in Deutschland:<\/td>\n<td style=\"width: 213px; height: 58px;\">Dr. Eric HECKER<\/td>\n<td style=\"width: 239px; height: 58px;\">&nbsp;<\/td>\n<\/tr>\n<tr style=\"height: 249px;\">\n<td style=\"width: 157px; height: 249px;\">&nbsp;<\/td>\n<td style=\"width: 213px; height: 249px;\">&nbsp;<\/td>\n<td style=\"width: 239px; height: 249px;\">&nbsp;<\/td>\n<\/tr>\n<\/tbody>\n<\/table>\n<p>&nbsp;<\/p>\n","protected":false},"excerpt":{"rendered":"<p>Vorstellung Der Verein &#8222;Tunesisch-Deutsche Freundschaft e.V.&#8220; (TDF) wurde am 14.1.2012, nach der tunesischen Revolution, gegr\u00fcndet. TDF ist eine unpolitische Organisation, die sich der Verst\u00e4rkung der Freundschaft zwischen dem tunesischen und&hellip; <a class=\"excerpt-more-link\" href=\"https:\/\/amitie-tuniso-allemande.de\/de\/wir-ueber-uns\/\">Weiterlesen<\/a><\/p>\n","protected":false},"author":1,"featured_media":46,"parent":0,"menu_order":0,"comment_status":"closed","ping_status":"closed","template":"","meta":{"ngg_post_thumbnail":0,"footnotes":""},"class_list":["post-4","page","type-page","status-publish","has-post-thumbnail","hentry"],"_links":{"self":[{"href":"https:\/\/amitie-tuniso-allemande.de\/de\/wp-json\/wp\/v2\/pages\/4","targetHints":{"allow":["GET"]}}],"collection":[{"href":"https:\/\/amitie-tuniso-allemande.de\/de\/wp-json\/wp\/v2\/pages"}],"about":[{"href":"https:\/\/amitie-tuniso-allemande.de\/de\/wp-json\/wp\/v2\/types\/page"}],"author":[{"embeddable":true,"href":"https:\/\/amitie-tuniso-allemande.de\/de\/wp-json\/wp\/v2\/users\/1"}],"replies":[{"embeddable":true,"href":"https:\/\/amitie-tuniso-allemande.de\/de\/wp-json\/wp\/v2\/comments?post=4"}],"version-history":[{"count":9,"href":"https:\/\/amitie-tuniso-allemande.de\/de\/wp-json\/wp\/v2\/pages\/4\/revisions"}],"predecessor-version":[{"id":388,"href":"https:\/\/amitie-tuniso-allemande.de\/de\/wp-json\/wp\/v2\/pages\/4\/revisions\/388"}],"wp:featuredmedia":[{"embeddable":true,"href":"https:\/\/amitie-tuniso-allemande.de\/de\/wp-json\/wp\/v2\/media\/46"}],"wp:attachment":[{"href":"https:\/\/amitie-tuniso-allemande.de\/de\/wp-json\/wp\/v2\/media?parent=4"}],"curies":[{"name":"wp","href":"https:\/\/api.w.org\/{rel}","templated":true}]}}