{"id":27,"date":"2017-11-20T18:22:35","date_gmt":"2017-11-20T17:22:35","guid":{"rendered":"https:\/\/amitie-tuniso-allemande.de\/fr\/?page_id=27"},"modified":"2018-02-20T18:01:18","modified_gmt":"2018-02-20T17:01:18","slug":"affiliation","status":"publish","type":"page","link":"https:\/\/amitie-tuniso-allemande.de\/fr\/affiliation\/","title":{"rendered":"Adh\u00e9sion"},"content":{"rendered":"<p><img loading=\"lazy\" decoding=\"async\" class=\"aligncenter wp-image-303 size-large\" src=\"https:\/\/amitie-tuniso-allemande.de\/fr\/wp-content\/uploads\/sites\/3\/2018\/02\/shaking-hands-3091906_1920-1024x519.jpg\" alt=\"\" width=\"660\" height=\"335\" srcset=\"https:\/\/amitie-tuniso-allemande.de\/fr\/wp-content\/uploads\/sites\/3\/2018\/02\/shaking-hands-3091906_1920-1024x519.jpg 1024w, https:\/\/amitie-tuniso-allemande.de\/fr\/wp-content\/uploads\/sites\/3\/2018\/02\/shaking-hands-3091906_1920-300x152.jpg 300w, https:\/\/amitie-tuniso-allemande.de\/fr\/wp-content\/uploads\/sites\/3\/2018\/02\/shaking-hands-3091906_1920-768x390.jpg 768w, https:\/\/amitie-tuniso-allemande.de\/fr\/wp-content\/uploads\/sites\/3\/2018\/02\/shaking-hands-3091906_1920-1000x507.jpg 1000w, https:\/\/amitie-tuniso-allemande.de\/fr\/wp-content\/uploads\/sites\/3\/2018\/02\/shaking-hands-3091906_1920.jpg 1920w\" sizes=\"auto, (max-width: 660px) 100vw, 660px\" \/><\/p>\n<p>Peuvent adh\u00e9rer \u00e0 l\u2019AATA toutes les personnes des deux pays s\u00e9journant en Tunisie ou en Allemagne et ayant des affinit\u00e9s avec l&rsquo;un ou l&rsquo;autre de nos deux pays. Autrement dit, toutes les personnes ayant des contacts durables avec l&rsquo;Allemagne&nbsp; &nbsp;et\/ou&nbsp; la Tunisie, les anciens et actuels r\u00e9sidents tunisiens en Allemagne, les hommes d&rsquo;affaires des deux pays, ainsi que la communaut\u00e9 allemande en Tunisie&nbsp; peuvent en faire partie.<\/p>\n<p>La cotisation annuelle \u00e0 L&rsquo;AATA&nbsp; s&rsquo;\u00e9l\u00e8ve comme suit :<\/p>\n<ul>\n<li>Membres du Bureau directeur et adh\u00e9rents : 30 DT<\/li>\n<li>Personnes morales et organismes : 100 DT<\/li>\n<\/ul>\n<p>L&rsquo;AATA appr\u00e9cie toutefois toute majoration volontaire de cette cotisation.<\/p>\n","protected":false},"excerpt":{"rendered":"<p>Peuvent adh\u00e9rer \u00e0 l\u2019AATA toutes les personnes des deux pays s\u00e9journant en Tunisie ou en Allemagne et ayant des affinit\u00e9s avec l&rsquo;un ou l&rsquo;autre de nos deux pays. Autrement dit,&hellip; <a class=\"excerpt-more-link\" href=\"https:\/\/amitie-tuniso-allemande.de\/fr\/affiliation\/\">Read More<\/a><\/p>\n","protected":false},"author":1,"featured_media":0,"parent":0,"menu_order":0,"comment_status":"closed","ping_status":"closed","template":"","meta":{"ngg_post_thumbnail":0,"footnotes":""},"class_list":["post-27","page","type-page","status-publish","hentry"],"_links":{"self":[{"href":"https:\/\/amitie-tuniso-allemande.de\/fr\/wp-json\/wp\/v2\/pages\/27","targetHints":{"allow":["GET"]}}],"collection":[{"href":"https:\/\/amitie-tuniso-allemande.de\/fr\/wp-json\/wp\/v2\/pages"}],"about":[{"href":"https:\/\/amitie-tuniso-allemande.de\/fr\/wp-json\/wp\/v2\/types\/page"}],"author":[{"embeddable":true,"href":"https:\/\/amitie-tuniso-allemande.de\/fr\/wp-json\/wp\/v2\/users\/1"}],"replies":[{"embeddable":true,"href":"https:\/\/amitie-tuniso-allemande.de\/fr\/wp-json\/wp\/v2\/comments?post=27"}],"version-history":[{"count":8,"href":"https:\/\/amitie-tuniso-allemande.de\/fr\/wp-json\/wp\/v2\/pages\/27\/revisions"}],"predecessor-version":[{"id":304,"href":"https:\/\/amitie-tuniso-allemande.de\/fr\/wp-json\/wp\/v2\/pages\/27\/revisions\/304"}],"wp:attachment":[{"href":"https:\/\/amitie-tuniso-allemande.de\/fr\/wp-json\/wp\/v2\/media?parent=27"}],"curies":[{"name":"wp","href":"https:\/\/api.w.org\/{rel}","templated":true}]}}