{"id":683,"date":"2021-08-10T23:10:05","date_gmt":"2021-08-10T21:10:05","guid":{"rendered":"https:\/\/amitie-tuniso-allemande.de\/fr\/?page_id=683"},"modified":"2021-08-10T23:10:05","modified_gmt":"2021-08-10T21:10:05","slug":"cours-intensifs-dallemand","status":"publish","type":"page","link":"https:\/\/amitie-tuniso-allemande.de\/fr\/cours-intensifs-dallemand\/","title":{"rendered":"COURS INTENSIFS D&rsquo;ALLEMAND"},"content":{"rendered":"\n<p>Les cours d&rsquo;allemand intensif (A1 et A2) de notre Association d&rsquo;amiti\u00e9 tuniso-allemande AATA sont programm\u00e9s comme suit<\/p>\n\n\n\n<p>&#8211;A1 tous les jours ouvrables de 9h \u00e0 13h \u00e0 partir du 16.8.2021<\/p>\n\n\n\n<p>&#8211;A2 tous les jours ouvrables de 9h \u00e013h \u00e0 partir du 30.8.2021<\/p>\n\n\n\n<p>Pr\u00e9inscription sur info@amitie-tuniso-allemande.de ou 24 126620<\/p>\n\n\n\n<p>Quelques places sont encore disponibles <\/p>\n\n\n\n<p>le Bureau Directeur de l&rsquo;AATA<\/p>\n\n\n\n<figure class=\"wp-block-image\"><img decoding=\"async\" src=\"https:\/\/scontent.ftun6-1.fna.fbcdn.net\/v\/t1.6435-9\/230805539_10225647190630233_8230601970890379508_n.jpg?_nc_cat=104&amp;ccb=1-4&amp;_nc_sid=730e14&amp;_nc_ohc=vi375JEY90sAX97QOxg&amp;tn=naDZzjYTLxXF03sZ&amp;_nc_ht=scontent.ftun6-1.fna&amp;oh=c5568e7ab1d5dc1a6c9766811af60ffb&amp;oe=613A5A28\" alt=\"Peut \u00eatre une image de 8 personnes et texte qui dit \u2019COURS D'ALLEMAND\u2019\"\/><\/figure>\n","protected":false},"excerpt":{"rendered":"<p>Les cours d&rsquo;allemand intensif (A1 et A2) de notre Association d&rsquo;amiti\u00e9 tuniso-allemande AATA sont programm\u00e9s comme suit &#8211;A1 tous les jours ouvrables de 9h \u00e0 13h \u00e0 partir du 16.8.2021&hellip; <a class=\"excerpt-more-link\" href=\"https:\/\/amitie-tuniso-allemande.de\/fr\/cours-intensifs-dallemand\/\">Read More<\/a><\/p>\n","protected":false},"author":2,"featured_media":0,"parent":0,"menu_order":0,"comment_status":"closed","ping_status":"closed","template":"","meta":{"ngg_post_thumbnail":0,"footnotes":""},"class_list":["post-683","page","type-page","status-publish","hentry"],"_links":{"self":[{"href":"https:\/\/amitie-tuniso-allemande.de\/fr\/wp-json\/wp\/v2\/pages\/683","targetHints":{"allow":["GET"]}}],"collection":[{"href":"https:\/\/amitie-tuniso-allemande.de\/fr\/wp-json\/wp\/v2\/pages"}],"about":[{"href":"https:\/\/amitie-tuniso-allemande.de\/fr\/wp-json\/wp\/v2\/types\/page"}],"author":[{"embeddable":true,"href":"https:\/\/amitie-tuniso-allemande.de\/fr\/wp-json\/wp\/v2\/users\/2"}],"replies":[{"embeddable":true,"href":"https:\/\/amitie-tuniso-allemande.de\/fr\/wp-json\/wp\/v2\/comments?post=683"}],"version-history":[{"count":1,"href":"https:\/\/amitie-tuniso-allemande.de\/fr\/wp-json\/wp\/v2\/pages\/683\/revisions"}],"predecessor-version":[{"id":685,"href":"https:\/\/amitie-tuniso-allemande.de\/fr\/wp-json\/wp\/v2\/pages\/683\/revisions\/685"}],"wp:attachment":[{"href":"https:\/\/amitie-tuniso-allemande.de\/fr\/wp-json\/wp\/v2\/media?parent=683"}],"curies":[{"name":"wp","href":"https:\/\/api.w.org\/{rel}","templated":true}]}}